{"id":1467,"date":"2020-09-10T15:49:41","date_gmt":"2020-09-10T13:49:41","guid":{"rendered":"https:\/\/galeski.net\/shop\/uncategorized\/air-genius-902-trocken-luftmaschine\/"},"modified":"2026-02-17T15:19:18","modified_gmt":"2026-02-17T14:19:18","slug":"air-genius-902-trocken-luftmaschine","status":"publish","type":"product","link":"https:\/\/galeski.net\/en\/shop\/products-en\/machines-en\/drilling-en\/drypneumatic-drilling-en\/air-genius-902-trocken-luftmaschine\/","title":{"rendered":"AIR GENIUS 902"},"content":{"rendered":"<p><span style=\"text-decoration: underline;\"><strong>AIR GENIUS 902:<\/strong><\/span><\/p>\n<ul>\n<li>Feinf\u00fchrung bei Pr\u00e4zisionsarbeiten<\/li>\n<li>Volle Durchzugskraft im rauen Betrieb<\/li>\n<li>Sehr g\u00fcnstiges Leistungsgewicht<\/li>\n<li>Robuste und dennoch handliche Konstruktion<\/li>\n<li>Angenehmes sicheres Arbeiten<\/li>\n<li>Geringer Luftverbrauch im Verh\u00e4ltnis zur Leistung<\/li>\n<li>Ausgereifte Schalld\u00e4mpfertechnologie verhindert l\u00e4stige Motorenger\u00e4usche<\/li>\n<li>Abluftf\u00fchrung nach hinten<\/li>\n<li>Universell einsetzbar<\/li>\n<li>Spindelarretierung f\u00fcr leichten\u00a0Werkzeugwechsel<\/li>\n<li>Nur mit ge\u00f6lter und getrockneter Luft betreiben<\/li>\n<\/ul>\n<div><\/div>\n","protected":false},"excerpt":{"rendered":"<p>Die <strong>AIR GENIUS 902<\/strong> ist durch extreme Power und verst\u00e4rkter Spindellagerung ist der Luftschleifer besonders f\u00fcr hohe Dauerbelastungen geeignet. Ihre starke Durchzugskraft eignet sich f\u00fcr Schleifwerkzeuge bis 130 mm Durchmesser.<\/p>\n<p>&nbsp;<\/p>\n","protected":false},"featured_media":245,"template":"","meta":[],"product_brand":[],"product_cat":[658,636,640],"product_tag":[592,605,606,597,607,595,598],"class_list":{"0":"post-1467","1":"product","2":"type-product","3":"status-publish","4":"has-post-thumbnail","6":"product_cat-drypneumatic-drilling-en","7":"product_cat-grinding-polishing-en","8":"product_cat-dry-pneumatic-en","9":"product_tag-air-en","10":"product_tag-air-genius-en","11":"product_tag-air-genius-900-en","12":"product_tag-trocken-en","13":"product_tag-genius-900-en","14":"product_tag-luftmaschine-en","15":"product_tag-trocken-luftmaschine-en","16":"pa_air-consumption-max-f2-20lsec-en","17":"pa_grinding-disc-oe-max-b3-130mm-en","18":"pa_idling-speed-74-20001min-en","19":"pa_power-output-91-900watt-en","20":"pa_spindle-thread-m14","21":"pa_weight-56-2_5kg-en","23":"first","24":"instock","25":"shipping-taxable","26":"product-type-simple"},"yoast_head":"<!-- This site is optimized with the Yoast SEO plugin v26.5 - https:\/\/yoast.com\/wordpress\/plugins\/seo\/ -->\n<title>AIR GENIUS 902 - GALESKI [EN]<\/title>\n<meta name=\"description\" content=\"Die AIR GENIUS 902 ist durch extreme Power und verst\u00e4rkter Spindellagerung ist der Luftschleifer besonders f\u00fcr hohe Dauerbelastungen geeignet. Ihre starke Durchzugskraft eignet sich f\u00fcr Schleifwerkzeuge bis 130 mm Durchmesser.\" \/>\n<meta name=\"robots\" content=\"index, follow, max-snippet:-1, max-image-preview:large, max-video-preview:-1\" \/>\n<link rel=\"canonical\" href=\"https:\/\/galeski.net\/en\/shop\/products-en\/machines-en\/drilling-en\/drypneumatic-drilling-en\/air-genius-902-trocken-luftmaschine\/\" \/>\n<meta property=\"og:locale\" content=\"en_US\" \/>\n<meta property=\"og:type\" content=\"article\" \/>\n<meta property=\"og:title\" content=\"AIR GENIUS 902 - GALESKI [EN]\" \/>\n<meta property=\"og:description\" content=\"Die AIR GENIUS 902 ist durch extreme Power und verst\u00e4rkter Spindellagerung ist der Luftschleifer besonders f\u00fcr hohe Dauerbelastungen geeignet. Ihre starke Durchzugskraft eignet sich f\u00fcr Schleifwerkzeuge bis 130 mm Durchmesser.\" \/>\n<meta property=\"og:url\" content=\"https:\/\/galeski.net\/en\/shop\/products-en\/machines-en\/drilling-en\/drypneumatic-drilling-en\/air-genius-902-trocken-luftmaschine\/\" \/>\n<meta property=\"og:site_name\" content=\"GALESKI [EN]\" \/>\n<meta property=\"article:modified_time\" content=\"2026-02-17T14:19:18+00:00\" \/>\n<meta property=\"og:image\" content=\"https:\/\/galeski.net\/en\/wp-content\/uploads\/sites\/2\/2019\/01\/p_7_6_8_768-thickbox_default-AIR-GENIUS-902-Trocken-Luftmaschine.jpg\" \/>\n\t<meta property=\"og:image:width\" content=\"800\" \/>\n\t<meta property=\"og:image:height\" content=\"800\" \/>\n\t<meta property=\"og:image:type\" content=\"image\/jpeg\" \/>\n<meta name=\"twitter:card\" content=\"summary_large_image\" \/>\n<meta name=\"twitter:label1\" content=\"Est. reading time\" \/>\n\t<meta name=\"twitter:data1\" content=\"1 minute\" \/>\n<script type=\"application\/ld+json\" class=\"yoast-schema-graph\">{\"@context\":\"https:\/\/schema.org\",\"@graph\":[{\"@type\":\"WebPage\",\"@id\":\"https:\/\/galeski.net\/en\/shop\/products-en\/machines-en\/drilling-en\/drypneumatic-drilling-en\/air-genius-902-trocken-luftmaschine\/\",\"url\":\"https:\/\/galeski.net\/en\/shop\/products-en\/machines-en\/drilling-en\/drypneumatic-drilling-en\/air-genius-902-trocken-luftmaschine\/\",\"name\":\"AIR GENIUS 902 - GALESKI [EN]\",\"isPartOf\":{\"@id\":\"https:\/\/galeski.net\/en\/#website\"},\"primaryImageOfPage\":{\"@id\":\"https:\/\/galeski.net\/en\/shop\/products-en\/machines-en\/drilling-en\/drypneumatic-drilling-en\/air-genius-902-trocken-luftmaschine\/#primaryimage\"},\"image\":{\"@id\":\"https:\/\/galeski.net\/en\/shop\/products-en\/machines-en\/drilling-en\/drypneumatic-drilling-en\/air-genius-902-trocken-luftmaschine\/#primaryimage\"},\"thumbnailUrl\":\"https:\/\/galeski.net\/en\/wp-content\/uploads\/sites\/2\/2019\/01\/p_7_6_8_768-thickbox_default-AIR-GENIUS-902-Trocken-Luftmaschine.jpg\",\"datePublished\":\"2020-09-10T13:49:41+00:00\",\"dateModified\":\"2026-02-17T14:19:18+00:00\",\"description\":\"Die AIR GENIUS 902 ist durch extreme Power und verst\u00e4rkter Spindellagerung ist der Luftschleifer besonders f\u00fcr hohe Dauerbelastungen geeignet. Ihre starke Durchzugskraft eignet sich f\u00fcr Schleifwerkzeuge bis 130 mm Durchmesser.\",\"breadcrumb\":{\"@id\":\"https:\/\/galeski.net\/en\/shop\/products-en\/machines-en\/drilling-en\/drypneumatic-drilling-en\/air-genius-902-trocken-luftmaschine\/#breadcrumb\"},\"inLanguage\":\"en-US\",\"potentialAction\":[{\"@type\":\"ReadAction\",\"target\":[\"https:\/\/galeski.net\/en\/shop\/products-en\/machines-en\/drilling-en\/drypneumatic-drilling-en\/air-genius-902-trocken-luftmaschine\/\"]}]},{\"@type\":\"ImageObject\",\"inLanguage\":\"en-US\",\"@id\":\"https:\/\/galeski.net\/en\/shop\/products-en\/machines-en\/drilling-en\/drypneumatic-drilling-en\/air-genius-902-trocken-luftmaschine\/#primaryimage\",\"url\":\"https:\/\/galeski.net\/en\/wp-content\/uploads\/sites\/2\/2019\/01\/p_7_6_8_768-thickbox_default-AIR-GENIUS-902-Trocken-Luftmaschine.jpg\",\"contentUrl\":\"https:\/\/galeski.net\/en\/wp-content\/uploads\/sites\/2\/2019\/01\/p_7_6_8_768-thickbox_default-AIR-GENIUS-902-Trocken-Luftmaschine.jpg\",\"width\":800,\"height\":800},{\"@type\":\"BreadcrumbList\",\"@id\":\"https:\/\/galeski.net\/en\/shop\/products-en\/machines-en\/drilling-en\/drypneumatic-drilling-en\/air-genius-902-trocken-luftmaschine\/#breadcrumb\",\"itemListElement\":[{\"@type\":\"ListItem\",\"position\":1,\"name\":\"Startseite\",\"item\":\"https:\/\/galeski.net\/en\/\"},{\"@type\":\"ListItem\",\"position\":2,\"name\":\"Shop\",\"item\":\"https:\/\/galeski.net\/en\/shop\/\"},{\"@type\":\"ListItem\",\"position\":3,\"name\":\"AIR GENIUS 902\"}]},{\"@type\":\"WebSite\",\"@id\":\"https:\/\/galeski.net\/en\/#website\",\"url\":\"https:\/\/galeski.net\/en\/\",\"name\":\"GALESKI [EN]\",\"description\":\"Manufactury of innovative machines\",\"potentialAction\":[{\"@type\":\"SearchAction\",\"target\":{\"@type\":\"EntryPoint\",\"urlTemplate\":\"https:\/\/galeski.net\/en\/?s={search_term_string}\"},\"query-input\":{\"@type\":\"PropertyValueSpecification\",\"valueRequired\":true,\"valueName\":\"search_term_string\"}}],\"inLanguage\":\"en-US\"}]}<\/script>\n<!-- \/ Yoast SEO plugin. -->","yoast_head_json":{"title":"AIR GENIUS 902 - GALESKI [EN]","description":"Die AIR GENIUS 902 ist durch extreme Power und verst\u00e4rkter Spindellagerung ist der Luftschleifer besonders f\u00fcr hohe Dauerbelastungen geeignet. Ihre starke Durchzugskraft eignet sich f\u00fcr Schleifwerkzeuge bis 130 mm Durchmesser.","robots":{"index":"index","follow":"follow","max-snippet":"max-snippet:-1","max-image-preview":"max-image-preview:large","max-video-preview":"max-video-preview:-1"},"canonical":"https:\/\/galeski.net\/en\/shop\/products-en\/machines-en\/drilling-en\/drypneumatic-drilling-en\/air-genius-902-trocken-luftmaschine\/","og_locale":"en_US","og_type":"article","og_title":"AIR GENIUS 902 - GALESKI [EN]","og_description":"Die AIR GENIUS 902 ist durch extreme Power und verst\u00e4rkter Spindellagerung ist der Luftschleifer besonders f\u00fcr hohe Dauerbelastungen geeignet. Ihre starke Durchzugskraft eignet sich f\u00fcr Schleifwerkzeuge bis 130 mm Durchmesser.","og_url":"https:\/\/galeski.net\/en\/shop\/products-en\/machines-en\/drilling-en\/drypneumatic-drilling-en\/air-genius-902-trocken-luftmaschine\/","og_site_name":"GALESKI [EN]","article_modified_time":"2026-02-17T14:19:18+00:00","og_image":[{"width":800,"height":800,"url":"https:\/\/galeski.net\/en\/wp-content\/uploads\/sites\/2\/2019\/01\/p_7_6_8_768-thickbox_default-AIR-GENIUS-902-Trocken-Luftmaschine.jpg","type":"image\/jpeg"}],"twitter_card":"summary_large_image","twitter_misc":{"Est. reading time":"1 minute"},"schema":{"@context":"https:\/\/schema.org","@graph":[{"@type":"WebPage","@id":"https:\/\/galeski.net\/en\/shop\/products-en\/machines-en\/drilling-en\/drypneumatic-drilling-en\/air-genius-902-trocken-luftmaschine\/","url":"https:\/\/galeski.net\/en\/shop\/products-en\/machines-en\/drilling-en\/drypneumatic-drilling-en\/air-genius-902-trocken-luftmaschine\/","name":"AIR GENIUS 902 - GALESKI [EN]","isPartOf":{"@id":"https:\/\/galeski.net\/en\/#website"},"primaryImageOfPage":{"@id":"https:\/\/galeski.net\/en\/shop\/products-en\/machines-en\/drilling-en\/drypneumatic-drilling-en\/air-genius-902-trocken-luftmaschine\/#primaryimage"},"image":{"@id":"https:\/\/galeski.net\/en\/shop\/products-en\/machines-en\/drilling-en\/drypneumatic-drilling-en\/air-genius-902-trocken-luftmaschine\/#primaryimage"},"thumbnailUrl":"https:\/\/galeski.net\/en\/wp-content\/uploads\/sites\/2\/2019\/01\/p_7_6_8_768-thickbox_default-AIR-GENIUS-902-Trocken-Luftmaschine.jpg","datePublished":"2020-09-10T13:49:41+00:00","dateModified":"2026-02-17T14:19:18+00:00","description":"Die AIR GENIUS 902 ist durch extreme Power und verst\u00e4rkter Spindellagerung ist der Luftschleifer besonders f\u00fcr hohe Dauerbelastungen geeignet. Ihre starke Durchzugskraft eignet sich f\u00fcr Schleifwerkzeuge bis 130 mm Durchmesser.","breadcrumb":{"@id":"https:\/\/galeski.net\/en\/shop\/products-en\/machines-en\/drilling-en\/drypneumatic-drilling-en\/air-genius-902-trocken-luftmaschine\/#breadcrumb"},"inLanguage":"en-US","potentialAction":[{"@type":"ReadAction","target":["https:\/\/galeski.net\/en\/shop\/products-en\/machines-en\/drilling-en\/drypneumatic-drilling-en\/air-genius-902-trocken-luftmaschine\/"]}]},{"@type":"ImageObject","inLanguage":"en-US","@id":"https:\/\/galeski.net\/en\/shop\/products-en\/machines-en\/drilling-en\/drypneumatic-drilling-en\/air-genius-902-trocken-luftmaschine\/#primaryimage","url":"https:\/\/galeski.net\/en\/wp-content\/uploads\/sites\/2\/2019\/01\/p_7_6_8_768-thickbox_default-AIR-GENIUS-902-Trocken-Luftmaschine.jpg","contentUrl":"https:\/\/galeski.net\/en\/wp-content\/uploads\/sites\/2\/2019\/01\/p_7_6_8_768-thickbox_default-AIR-GENIUS-902-Trocken-Luftmaschine.jpg","width":800,"height":800},{"@type":"BreadcrumbList","@id":"https:\/\/galeski.net\/en\/shop\/products-en\/machines-en\/drilling-en\/drypneumatic-drilling-en\/air-genius-902-trocken-luftmaschine\/#breadcrumb","itemListElement":[{"@type":"ListItem","position":1,"name":"Startseite","item":"https:\/\/galeski.net\/en\/"},{"@type":"ListItem","position":2,"name":"Shop","item":"https:\/\/galeski.net\/en\/shop\/"},{"@type":"ListItem","position":3,"name":"AIR GENIUS 902"}]},{"@type":"WebSite","@id":"https:\/\/galeski.net\/en\/#website","url":"https:\/\/galeski.net\/en\/","name":"GALESKI [EN]","description":"Manufactury of innovative machines","potentialAction":[{"@type":"SearchAction","target":{"@type":"EntryPoint","urlTemplate":"https:\/\/galeski.net\/en\/?s={search_term_string}"},"query-input":{"@type":"PropertyValueSpecification","valueRequired":true,"valueName":"search_term_string"}}],"inLanguage":"en-US"}]}},"_links":{"self":[{"href":"https:\/\/galeski.net\/en\/wp-json\/wp\/v2\/product\/1467","targetHints":{"allow":["GET"]}}],"collection":[{"href":"https:\/\/galeski.net\/en\/wp-json\/wp\/v2\/product"}],"about":[{"href":"https:\/\/galeski.net\/en\/wp-json\/wp\/v2\/types\/product"}],"wp:featuredmedia":[{"embeddable":true,"href":"https:\/\/galeski.net\/en\/wp-json\/wp\/v2\/media\/245"}],"wp:attachment":[{"href":"https:\/\/galeski.net\/en\/wp-json\/wp\/v2\/media?parent=1467"}],"wp:term":[{"taxonomy":"product_brand","embeddable":true,"href":"https:\/\/galeski.net\/en\/wp-json\/wp\/v2\/product_brand?post=1467"},{"taxonomy":"product_cat","embeddable":true,"href":"https:\/\/galeski.net\/en\/wp-json\/wp\/v2\/product_cat?post=1467"},{"taxonomy":"product_tag","embeddable":true,"href":"https:\/\/galeski.net\/en\/wp-json\/wp\/v2\/product_tag?post=1467"}],"curies":[{"name":"wp","href":"https:\/\/api.w.org\/{rel}","templated":true}]}}